{"id":988,"date":"2025-01-16T15:26:45","date_gmt":"2025-01-16T15:26:45","guid":{"rendered":"https:\/\/www.oncologiatorreon.com\/land\/?page_id=988"},"modified":"2025-01-20T22:04:50","modified_gmt":"2025-01-20T22:04:50","slug":"oncologo-certificado","status":"publish","type":"page","link":"https:\/\/www.oncologiatorreon.com\/land\/oncologo-certificado\/","title":{"rendered":"Onc\u00f3logo Certificado"},"content":{"rendered":"","protected":false},"excerpt":{"rendered":"","protected":false},"author":1,"featured_media":990,"parent":0,"menu_order":0,"comment_status":"closed","ping_status":"closed","template":"elementor_theme","meta":{"_acf_changed":false,"footnotes":""},"class_list":["post-988","page","type-page","status-publish","has-post-thumbnail","hentry"],"acf":[],"yoast_head":"<!-- This site is optimized with the Yoast SEO plugin v26.2 - https:\/\/yoast.com\/wordpress\/plugins\/seo\/ -->\n<title>Onc\u00f3logo Certificado - Dr. Francisco Mi&ntilde;ana<\/title>\n<meta name=\"description\" content=\"\u00bfBuscas un onc\u00f3logo emp\u00e1tico y certificado? Evaluaci\u00f3n completa, diagn\u00f3stico claro, biopsias en consultorio y atenci\u00f3n personalizada. \u00a1Primera revisi\u00f3n de seguimiento gratuita!\" \/>\n<meta name=\"robots\" content=\"index, follow, max-snippet:-1, max-image-preview:large, max-video-preview:-1\" \/>\n<link rel=\"canonical\" href=\"https:\/\/www.oncologiatorreon.com\/land\/oncologo-certificado\/\" \/>\n<meta property=\"og:locale\" content=\"es_ES\" \/>\n<meta property=\"og:type\" content=\"article\" \/>\n<meta property=\"og:title\" content=\"Onc\u00f3logo Certificado - Dr. Francisco Mi&ntilde;ana\" \/>\n<meta property=\"og:description\" content=\"\u00bfBuscas un onc\u00f3logo emp\u00e1tico y certificado? Evaluaci\u00f3n completa, diagn\u00f3stico claro, biopsias en consultorio y atenci\u00f3n personalizada. \u00a1Primera revisi\u00f3n de seguimiento gratuita!\" \/>\n<meta property=\"og:url\" content=\"https:\/\/www.oncologiatorreon.com\/land\/oncologo-certificado\/\" \/>\n<meta property=\"og:site_name\" content=\"Dr. Francisco Mi&ntilde;ana\" \/>\n<meta property=\"article:modified_time\" content=\"2025-01-20T22:04:50+00:00\" \/>\n<meta property=\"og:image\" content=\"https:\/\/www.oncologiatorreon.com\/land\/wp-content\/uploads\/2025\/01\/cirujano_general_oncologico.jpg\" \/>\n\t<meta property=\"og:image:width\" content=\"1080\" \/>\n\t<meta property=\"og:image:height\" content=\"1080\" \/>\n\t<meta property=\"og:image:type\" content=\"image\/jpeg\" \/>\n<meta name=\"twitter:card\" content=\"summary_large_image\" \/>\n<meta name=\"twitter:label1\" content=\"Tiempo de lectura\" \/>\n\t<meta name=\"twitter:data1\" content=\"1 minuto\" \/>\n<script type=\"application\/ld+json\" class=\"yoast-schema-graph\">{\"@context\":\"https:\/\/schema.org\",\"@graph\":[{\"@type\":\"WebPage\",\"@id\":\"https:\/\/www.oncologiatorreon.com\/land\/oncologo-certificado\/\",\"url\":\"https:\/\/www.oncologiatorreon.com\/land\/oncologo-certificado\/\",\"name\":\"Onc\u00f3logo Certificado - Dr. Francisco Mi&ntilde;ana\",\"isPartOf\":{\"@id\":\"https:\/\/www.oncologiatorreon.com\/land\/#website\"},\"primaryImageOfPage\":{\"@id\":\"https:\/\/www.oncologiatorreon.com\/land\/oncologo-certificado\/#primaryimage\"},\"image\":{\"@id\":\"https:\/\/www.oncologiatorreon.com\/land\/oncologo-certificado\/#primaryimage\"},\"thumbnailUrl\":\"https:\/\/www.oncologiatorreon.com\/land\/wp-content\/uploads\/2025\/01\/cirujano_general_oncologico.jpg\",\"datePublished\":\"2025-01-16T15:26:45+00:00\",\"dateModified\":\"2025-01-20T22:04:50+00:00\",\"description\":\"\u00bfBuscas un onc\u00f3logo emp\u00e1tico y certificado? Evaluaci\u00f3n completa, diagn\u00f3stico claro, biopsias en consultorio y atenci\u00f3n personalizada. \u00a1Primera revisi\u00f3n de seguimiento gratuita!\",\"breadcrumb\":{\"@id\":\"https:\/\/www.oncologiatorreon.com\/land\/oncologo-certificado\/#breadcrumb\"},\"inLanguage\":\"es\",\"potentialAction\":[{\"@type\":\"ReadAction\",\"target\":[\"https:\/\/www.oncologiatorreon.com\/land\/oncologo-certificado\/\"]}]},{\"@type\":\"ImageObject\",\"inLanguage\":\"es\",\"@id\":\"https:\/\/www.oncologiatorreon.com\/land\/oncologo-certificado\/#primaryimage\",\"url\":\"https:\/\/www.oncologiatorreon.com\/land\/wp-content\/uploads\/2025\/01\/cirujano_general_oncologico.jpg\",\"contentUrl\":\"https:\/\/www.oncologiatorreon.com\/land\/wp-content\/uploads\/2025\/01\/cirujano_general_oncologico.jpg\",\"width\":1080,\"height\":1080},{\"@type\":\"BreadcrumbList\",\"@id\":\"https:\/\/www.oncologiatorreon.com\/land\/oncologo-certificado\/#breadcrumb\",\"itemListElement\":[{\"@type\":\"ListItem\",\"position\":1,\"name\":\"Home\",\"item\":\"https:\/\/www.oncologiatorreon.com\/land\/\"},{\"@type\":\"ListItem\",\"position\":2,\"name\":\"Onc\u00f3logo Certificado\"}]},{\"@type\":\"WebSite\",\"@id\":\"https:\/\/www.oncologiatorreon.com\/land\/#website\",\"url\":\"https:\/\/www.oncologiatorreon.com\/land\/\",\"name\":\"Dr. Francisco Mi&ntilde;ana\",\"description\":\"Onc&oacute;logo Experto en Diagn&oacute;stico y Tratamiento | Dr. Francisco Mi&ntilde;ana\",\"publisher\":{\"@id\":\"https:\/\/www.oncologiatorreon.com\/land\/#organization\"},\"potentialAction\":[{\"@type\":\"SearchAction\",\"target\":{\"@type\":\"EntryPoint\",\"urlTemplate\":\"https:\/\/www.oncologiatorreon.com\/land\/?s={search_term_string}\"},\"query-input\":{\"@type\":\"PropertyValueSpecification\",\"valueRequired\":true,\"valueName\":\"search_term_string\"}}],\"inLanguage\":\"es\"},{\"@type\":\"Organization\",\"@id\":\"https:\/\/www.oncologiatorreon.com\/land\/#organization\",\"name\":\"Dr. Francisco Mi&ntilde;ana\",\"url\":\"https:\/\/www.oncologiatorreon.com\/land\/\",\"logo\":{\"@type\":\"ImageObject\",\"inLanguage\":\"es\",\"@id\":\"https:\/\/www.oncologiatorreon.com\/land\/#\/schema\/logo\/image\/\",\"url\":\"https:\/\/www.oncologiatorreon.com\/land\/wp-content\/uploads\/2024\/09\/logo.png\",\"contentUrl\":\"https:\/\/www.oncologiatorreon.com\/land\/wp-content\/uploads\/2024\/09\/logo.png\",\"width\":300,\"height\":63,\"caption\":\"Dr. Francisco Mi&ntilde;ana\"},\"image\":{\"@id\":\"https:\/\/www.oncologiatorreon.com\/land\/#\/schema\/logo\/image\/\"}}]}<\/script>\n<!-- \/ Yoast SEO plugin. -->","yoast_head_json":{"title":"Onc\u00f3logo Certificado - Dr. Francisco Mi&ntilde;ana","description":"\u00bfBuscas un onc\u00f3logo emp\u00e1tico y certificado? Evaluaci\u00f3n completa, diagn\u00f3stico claro, biopsias en consultorio y atenci\u00f3n personalizada. \u00a1Primera revisi\u00f3n de seguimiento gratuita!","robots":{"index":"index","follow":"follow","max-snippet":"max-snippet:-1","max-image-preview":"max-image-preview:large","max-video-preview":"max-video-preview:-1"},"canonical":"https:\/\/www.oncologiatorreon.com\/land\/oncologo-certificado\/","og_locale":"es_ES","og_type":"article","og_title":"Onc\u00f3logo Certificado - Dr. Francisco Mi&ntilde;ana","og_description":"\u00bfBuscas un onc\u00f3logo emp\u00e1tico y certificado? Evaluaci\u00f3n completa, diagn\u00f3stico claro, biopsias en consultorio y atenci\u00f3n personalizada. \u00a1Primera revisi\u00f3n de seguimiento gratuita!","og_url":"https:\/\/www.oncologiatorreon.com\/land\/oncologo-certificado\/","og_site_name":"Dr. Francisco Mi&ntilde;ana","article_modified_time":"2025-01-20T22:04:50+00:00","og_image":[{"width":1080,"height":1080,"url":"https:\/\/www.oncologiatorreon.com\/land\/wp-content\/uploads\/2025\/01\/cirujano_general_oncologico.jpg","type":"image\/jpeg"}],"twitter_card":"summary_large_image","twitter_misc":{"Tiempo de lectura":"1 minuto"},"schema":{"@context":"https:\/\/schema.org","@graph":[{"@type":"WebPage","@id":"https:\/\/www.oncologiatorreon.com\/land\/oncologo-certificado\/","url":"https:\/\/www.oncologiatorreon.com\/land\/oncologo-certificado\/","name":"Onc\u00f3logo Certificado - Dr. Francisco Mi&ntilde;ana","isPartOf":{"@id":"https:\/\/www.oncologiatorreon.com\/land\/#website"},"primaryImageOfPage":{"@id":"https:\/\/www.oncologiatorreon.com\/land\/oncologo-certificado\/#primaryimage"},"image":{"@id":"https:\/\/www.oncologiatorreon.com\/land\/oncologo-certificado\/#primaryimage"},"thumbnailUrl":"https:\/\/www.oncologiatorreon.com\/land\/wp-content\/uploads\/2025\/01\/cirujano_general_oncologico.jpg","datePublished":"2025-01-16T15:26:45+00:00","dateModified":"2025-01-20T22:04:50+00:00","description":"\u00bfBuscas un onc\u00f3logo emp\u00e1tico y certificado? Evaluaci\u00f3n completa, diagn\u00f3stico claro, biopsias en consultorio y atenci\u00f3n personalizada. \u00a1Primera revisi\u00f3n de seguimiento gratuita!","breadcrumb":{"@id":"https:\/\/www.oncologiatorreon.com\/land\/oncologo-certificado\/#breadcrumb"},"inLanguage":"es","potentialAction":[{"@type":"ReadAction","target":["https:\/\/www.oncologiatorreon.com\/land\/oncologo-certificado\/"]}]},{"@type":"ImageObject","inLanguage":"es","@id":"https:\/\/www.oncologiatorreon.com\/land\/oncologo-certificado\/#primaryimage","url":"https:\/\/www.oncologiatorreon.com\/land\/wp-content\/uploads\/2025\/01\/cirujano_general_oncologico.jpg","contentUrl":"https:\/\/www.oncologiatorreon.com\/land\/wp-content\/uploads\/2025\/01\/cirujano_general_oncologico.jpg","width":1080,"height":1080},{"@type":"BreadcrumbList","@id":"https:\/\/www.oncologiatorreon.com\/land\/oncologo-certificado\/#breadcrumb","itemListElement":[{"@type":"ListItem","position":1,"name":"Home","item":"https:\/\/www.oncologiatorreon.com\/land\/"},{"@type":"ListItem","position":2,"name":"Onc\u00f3logo Certificado"}]},{"@type":"WebSite","@id":"https:\/\/www.oncologiatorreon.com\/land\/#website","url":"https:\/\/www.oncologiatorreon.com\/land\/","name":"Dr. Francisco Mi&ntilde;ana","description":"Onc&oacute;logo Experto en Diagn&oacute;stico y Tratamiento | Dr. Francisco Mi&ntilde;ana","publisher":{"@id":"https:\/\/www.oncologiatorreon.com\/land\/#organization"},"potentialAction":[{"@type":"SearchAction","target":{"@type":"EntryPoint","urlTemplate":"https:\/\/www.oncologiatorreon.com\/land\/?s={search_term_string}"},"query-input":{"@type":"PropertyValueSpecification","valueRequired":true,"valueName":"search_term_string"}}],"inLanguage":"es"},{"@type":"Organization","@id":"https:\/\/www.oncologiatorreon.com\/land\/#organization","name":"Dr. Francisco Mi&ntilde;ana","url":"https:\/\/www.oncologiatorreon.com\/land\/","logo":{"@type":"ImageObject","inLanguage":"es","@id":"https:\/\/www.oncologiatorreon.com\/land\/#\/schema\/logo\/image\/","url":"https:\/\/www.oncologiatorreon.com\/land\/wp-content\/uploads\/2024\/09\/logo.png","contentUrl":"https:\/\/www.oncologiatorreon.com\/land\/wp-content\/uploads\/2024\/09\/logo.png","width":300,"height":63,"caption":"Dr. Francisco Mi&ntilde;ana"},"image":{"@id":"https:\/\/www.oncologiatorreon.com\/land\/#\/schema\/logo\/image\/"}}]}},"_links":{"self":[{"href":"https:\/\/www.oncologiatorreon.com\/land\/wp-json\/wp\/v2\/pages\/988","targetHints":{"allow":["GET"]}}],"collection":[{"href":"https:\/\/www.oncologiatorreon.com\/land\/wp-json\/wp\/v2\/pages"}],"about":[{"href":"https:\/\/www.oncologiatorreon.com\/land\/wp-json\/wp\/v2\/types\/page"}],"author":[{"embeddable":true,"href":"https:\/\/www.oncologiatorreon.com\/land\/wp-json\/wp\/v2\/users\/1"}],"replies":[{"embeddable":true,"href":"https:\/\/www.oncologiatorreon.com\/land\/wp-json\/wp\/v2\/comments?post=988"}],"version-history":[{"count":3,"href":"https:\/\/www.oncologiatorreon.com\/land\/wp-json\/wp\/v2\/pages\/988\/revisions"}],"predecessor-version":[{"id":997,"href":"https:\/\/www.oncologiatorreon.com\/land\/wp-json\/wp\/v2\/pages\/988\/revisions\/997"}],"wp:featuredmedia":[{"embeddable":true,"href":"https:\/\/www.oncologiatorreon.com\/land\/wp-json\/wp\/v2\/media\/990"}],"wp:attachment":[{"href":"https:\/\/www.oncologiatorreon.com\/land\/wp-json\/wp\/v2\/media?parent=988"}],"curies":[{"name":"wp","href":"https:\/\/api.w.org\/{rel}","templated":true}]}}